{"id":2192,"date":"2022-07-04T09:01:59","date_gmt":"2022-07-04T07:01:59","guid":{"rendered":"https:\/\/www.crl-lhk.eus\/?page_id=2192"},"modified":"2024-07-18T09:45:00","modified_gmt":"2024-07-18T07:45:00","slug":"tomas-arrieta","status":"publish","type":"page","link":"https:\/\/www.crl-lhk.eus\/eu\/tomas-arrieta\/","title":{"rendered":"Emilia Montserrat M\u00e1laga P\u00e9rez"},"content":{"rendered":"\n<h2 class=\"wp-block-heading\" id=\"presidente-del-consejo-de-relaciones-laborales\">Lan Harremanen Kontseiluko presidentea<\/h2>\n\n\n\n<div class=\"wp-block-columns is-layout-flex wp-container-core-columns-is-layout-9d6595d7 wp-block-columns-is-layout-flex\">\n<div class=\"wp-block-column is-layout-flow wp-block-column-is-layout-flow\" style=\"flex-basis:33.33%\">\n<figure class=\"wp-block-image size-medium\"><img loading=\"lazy\" decoding=\"async\" width=\"226\" height=\"300\" src=\"https:\/\/www.crl-lhk.eus\/wp-content\/uploads\/2024\/07\/Emilia-2-226x300.jpg\" alt=\"\" class=\"wp-image-4180\" srcset=\"https:\/\/www.crl-lhk.eus\/wp-content\/uploads\/2024\/07\/Emilia-2-226x300.jpg 226w, https:\/\/www.crl-lhk.eus\/wp-content\/uploads\/2024\/07\/Emilia-2-770x1024.jpg 770w, https:\/\/www.crl-lhk.eus\/wp-content\/uploads\/2024\/07\/Emilia-2-768x1021.jpg 768w, https:\/\/www.crl-lhk.eus\/wp-content\/uploads\/2024\/07\/Emilia-2-1155x1536.jpg 1155w, https:\/\/www.crl-lhk.eus\/wp-content\/uploads\/2024\/07\/Emilia-2-1540x2048.jpg 1540w, https:\/\/www.crl-lhk.eus\/wp-content\/uploads\/2024\/07\/Emilia-2-scaled.jpg 1925w\" sizes=\"auto, (max-width: 226px) 100vw, 226px\" \/><\/figure>\n<\/div>\n\n\n\n<div class=\"wp-block-column is-layout-flow wp-block-column-is-layout-flow\" style=\"flex-basis:66.66%\">\n<p>Emilia Montserrat M\u00e1laga P\u00e9rez<\/p>\n\n\n\n<p>Portugalete, 1971<\/p>\n\n\n\n<p>Lan Harremanen Kontseiluko presidentea<\/p>\n<\/div>\n<\/div>\n\n\n\n<p><strong>Prestakuntza nagusia<\/strong><\/p>\n\n\n\n<ul class=\"wp-block-list\">\n<li>Zuzenbidean lizentziaduna (D.U.)<\/li>\n<\/ul>\n\n\n\n<p><strong>Esperientzia<\/strong><\/p>\n\n\n\n<ul class=\"wp-block-list\">\n<li>Euskadiko Ekonomia eta Gizarte Arazoetarako Batzordeko presidentea (2019-2023)<\/li>\n\n\n\n<li>Euskadiko Ekonomia eta Gizarte Arazoetarako Batzordeko idazkari nagusia (2015-2019)<\/li>\n\n\n\n<li>Emakundeko Zuzendaritza Kontseiluko kidea (2017-2021)<\/li>\n\n\n\n<li>UGT-EUSKADI (1997-2015)\n<ul class=\"wp-block-list\">\n<li>Gizarte Zerbitzuen Saileko teknikaria.<\/li>\n\n\n\n<li>UGT-EUSKADIko Batzorde Betearazleko Berdintasuneko eta Nazioarteko idazkaria.<\/li>\n\n\n\n<li>Gizarte Zerbitzuen Euskal Kontseiluko kidea.<\/li>\n\n\n\n<li>Gizarteratzeko Euskal Kontseiluko kidea.<\/li>\n\n\n\n<li>Euskadiko Ekonomia eta Gizarte Arazoetarako Batzordeko (EGAB) Kontseilaria.<\/li>\n\n\n\n<li>Europako Sindikatuen Konfederazioko Eskualde Arteko Kontseilu Sindikalen Batzorde Betearazleko kidea.<\/li>\n\n\n\n<li>Europako Sindikatuen Konfederazioko &#8220;Migraciones e Inclusi\u00f3n Social&#8221; taldeko aditua.<\/li>\n<\/ul>\n<\/li>\n<\/ul>\n","protected":false},"excerpt":{"rendered":"<p>Lan Harremanen Kontseiluko presidentea Emilia Montserrat M\u00e1laga P\u00e9rez Portugalete, 1971 Lan Harremanen Kontseiluko presidentea Prestakuntza nagusia Esperientzia<\/p>\n","protected":false},"author":1,"featured_media":0,"parent":0,"menu_order":2,"comment_status":"closed","ping_status":"closed","template":"","meta":{"footnotes":""},"class_list":["post-2192","page","type-page","status-publish","hentry"],"yoast_head":"<!-- This site is optimized with the Yoast SEO plugin v27.2 - https:\/\/yoast.com\/product\/yoast-seo-wordpress\/ -->\n<title>Emilia Montserrat M\u00e1laga P\u00e9rez - CRL-LHK<\/title>\n<meta name=\"robots\" content=\"index, follow, max-snippet:-1, max-image-preview:large, max-video-preview:-1\" \/>\n<link rel=\"canonical\" href=\"https:\/\/www.crl-lhk.eus\/eu\/tomas-arrieta\/\" \/>\n<meta property=\"og:locale\" content=\"eu_ES\" \/>\n<meta property=\"og:type\" content=\"article\" \/>\n<meta property=\"og:title\" content=\"Emilia Montserrat M\u00e1laga P\u00e9rez - CRL-LHK\" \/>\n<meta property=\"og:description\" content=\"Lan Harremanen Kontseiluko presidentea Emilia Montserrat M\u00e1laga P\u00e9rez Portugalete, 1971 Lan Harremanen Kontseiluko presidentea Prestakuntza nagusia Esperientzia\" \/>\n<meta property=\"og:url\" content=\"https:\/\/www.crl-lhk.eus\/eu\/tomas-arrieta\/\" \/>\n<meta property=\"og:site_name\" content=\"CRL-LHK\" \/>\n<meta property=\"article:modified_time\" content=\"2024-07-18T07:45:00+00:00\" \/>\n<meta property=\"og:image\" content=\"https:\/\/www.crl-lhk.eus\/wp-content\/uploads\/2024\/07\/Emilia-2-226x300.jpg\" \/>\n<meta name=\"twitter:card\" content=\"summary_large_image\" \/>\n<meta name=\"twitter:label1\" content=\"Est. reading time\" \/>\n\t<meta name=\"twitter:data1\" content=\"1 minute\" \/>\n<script type=\"application\/ld+json\" class=\"yoast-schema-graph\">{\"@context\":\"https:\/\/schema.org\",\"@graph\":[{\"@type\":\"WebPage\",\"@id\":\"https:\/\/www.crl-lhk.eus\/eu\/tomas-arrieta\/\",\"url\":\"https:\/\/www.crl-lhk.eus\/eu\/tomas-arrieta\/\",\"name\":\"Emilia Montserrat M\u00e1laga P\u00e9rez - CRL-LHK\",\"isPartOf\":{\"@id\":\"https:\/\/www.crl-lhk.eus\/eu\/#website\"},\"primaryImageOfPage\":{\"@id\":\"https:\/\/www.crl-lhk.eus\/eu\/tomas-arrieta\/#primaryimage\"},\"image\":{\"@id\":\"https:\/\/www.crl-lhk.eus\/eu\/tomas-arrieta\/#primaryimage\"},\"thumbnailUrl\":\"https:\/\/www.crl-lhk.eus\/wp-content\/uploads\/2024\/07\/Emilia-2-226x300.jpg\",\"datePublished\":\"2022-07-04T07:01:59+00:00\",\"dateModified\":\"2024-07-18T07:45:00+00:00\",\"breadcrumb\":{\"@id\":\"https:\/\/www.crl-lhk.eus\/eu\/tomas-arrieta\/#breadcrumb\"},\"inLanguage\":\"eu-ES\",\"potentialAction\":[{\"@type\":\"ReadAction\",\"target\":[\"https:\/\/www.crl-lhk.eus\/eu\/tomas-arrieta\/\"]}]},{\"@type\":\"ImageObject\",\"inLanguage\":\"eu-ES\",\"@id\":\"https:\/\/www.crl-lhk.eus\/eu\/tomas-arrieta\/#primaryimage\",\"url\":\"https:\/\/www.crl-lhk.eus\/wp-content\/uploads\/2024\/07\/Emilia-2-226x300.jpg\",\"contentUrl\":\"https:\/\/www.crl-lhk.eus\/wp-content\/uploads\/2024\/07\/Emilia-2-226x300.jpg\"},{\"@type\":\"BreadcrumbList\",\"@id\":\"https:\/\/www.crl-lhk.eus\/eu\/tomas-arrieta\/#breadcrumb\",\"itemListElement\":[{\"@type\":\"ListItem\",\"position\":1,\"name\":\"Portada\",\"item\":\"https:\/\/www.crl-lhk.eus\/eu\/\"},{\"@type\":\"ListItem\",\"position\":2,\"name\":\"Emilia Montserrat M\u00e1laga P\u00e9rez\"}]},{\"@type\":\"WebSite\",\"@id\":\"https:\/\/www.crl-lhk.eus\/eu\/#website\",\"url\":\"https:\/\/www.crl-lhk.eus\/eu\/\",\"name\":\"CRL-LHK\",\"description\":\"Consejo de Relaciones Laborales\",\"publisher\":{\"@id\":\"https:\/\/www.crl-lhk.eus\/eu\/#organization\"},\"potentialAction\":[{\"@type\":\"SearchAction\",\"target\":{\"@type\":\"EntryPoint\",\"urlTemplate\":\"https:\/\/www.crl-lhk.eus\/eu\/?s={search_term_string}\"},\"query-input\":{\"@type\":\"PropertyValueSpecification\",\"valueRequired\":true,\"valueName\":\"search_term_string\"}}],\"inLanguage\":\"eu-ES\"},{\"@type\":\"Organization\",\"@id\":\"https:\/\/www.crl-lhk.eus\/eu\/#organization\",\"name\":\"CRL-LHK\",\"url\":\"https:\/\/www.crl-lhk.eus\/eu\/\",\"logo\":{\"@type\":\"ImageObject\",\"inLanguage\":\"eu-ES\",\"@id\":\"https:\/\/www.crl-lhk.eus\/eu\/#\/schema\/logo\/image\/\",\"url\":\"https:\/\/www.crl-lhk.eus\/wp-content\/uploads\/2021\/04\/crl_logo.png\",\"contentUrl\":\"https:\/\/www.crl-lhk.eus\/wp-content\/uploads\/2021\/04\/crl_logo.png\",\"width\":314,\"height\":90,\"caption\":\"CRL-LHK\"},\"image\":{\"@id\":\"https:\/\/www.crl-lhk.eus\/eu\/#\/schema\/logo\/image\/\"}}]}<\/script>\n<!-- \/ Yoast SEO plugin. -->","yoast_head_json":{"title":"Emilia Montserrat M\u00e1laga P\u00e9rez - CRL-LHK","robots":{"index":"index","follow":"follow","max-snippet":"max-snippet:-1","max-image-preview":"max-image-preview:large","max-video-preview":"max-video-preview:-1"},"canonical":"https:\/\/www.crl-lhk.eus\/eu\/tomas-arrieta\/","og_locale":"eu_ES","og_type":"article","og_title":"Emilia Montserrat M\u00e1laga P\u00e9rez - CRL-LHK","og_description":"Lan Harremanen Kontseiluko presidentea Emilia Montserrat M\u00e1laga P\u00e9rez Portugalete, 1971 Lan Harremanen Kontseiluko presidentea Prestakuntza nagusia Esperientzia","og_url":"https:\/\/www.crl-lhk.eus\/eu\/tomas-arrieta\/","og_site_name":"CRL-LHK","article_modified_time":"2024-07-18T07:45:00+00:00","og_image":[{"url":"https:\/\/www.crl-lhk.eus\/wp-content\/uploads\/2024\/07\/Emilia-2-226x300.jpg","type":"","width":"","height":""}],"twitter_card":"summary_large_image","twitter_misc":{"Est. reading time":"1 minute"},"schema":{"@context":"https:\/\/schema.org","@graph":[{"@type":"WebPage","@id":"https:\/\/www.crl-lhk.eus\/eu\/tomas-arrieta\/","url":"https:\/\/www.crl-lhk.eus\/eu\/tomas-arrieta\/","name":"Emilia Montserrat M\u00e1laga P\u00e9rez - CRL-LHK","isPartOf":{"@id":"https:\/\/www.crl-lhk.eus\/eu\/#website"},"primaryImageOfPage":{"@id":"https:\/\/www.crl-lhk.eus\/eu\/tomas-arrieta\/#primaryimage"},"image":{"@id":"https:\/\/www.crl-lhk.eus\/eu\/tomas-arrieta\/#primaryimage"},"thumbnailUrl":"https:\/\/www.crl-lhk.eus\/wp-content\/uploads\/2024\/07\/Emilia-2-226x300.jpg","datePublished":"2022-07-04T07:01:59+00:00","dateModified":"2024-07-18T07:45:00+00:00","breadcrumb":{"@id":"https:\/\/www.crl-lhk.eus\/eu\/tomas-arrieta\/#breadcrumb"},"inLanguage":"eu-ES","potentialAction":[{"@type":"ReadAction","target":["https:\/\/www.crl-lhk.eus\/eu\/tomas-arrieta\/"]}]},{"@type":"ImageObject","inLanguage":"eu-ES","@id":"https:\/\/www.crl-lhk.eus\/eu\/tomas-arrieta\/#primaryimage","url":"https:\/\/www.crl-lhk.eus\/wp-content\/uploads\/2024\/07\/Emilia-2-226x300.jpg","contentUrl":"https:\/\/www.crl-lhk.eus\/wp-content\/uploads\/2024\/07\/Emilia-2-226x300.jpg"},{"@type":"BreadcrumbList","@id":"https:\/\/www.crl-lhk.eus\/eu\/tomas-arrieta\/#breadcrumb","itemListElement":[{"@type":"ListItem","position":1,"name":"Portada","item":"https:\/\/www.crl-lhk.eus\/eu\/"},{"@type":"ListItem","position":2,"name":"Emilia Montserrat M\u00e1laga P\u00e9rez"}]},{"@type":"WebSite","@id":"https:\/\/www.crl-lhk.eus\/eu\/#website","url":"https:\/\/www.crl-lhk.eus\/eu\/","name":"CRL-LHK","description":"Consejo de Relaciones Laborales","publisher":{"@id":"https:\/\/www.crl-lhk.eus\/eu\/#organization"},"potentialAction":[{"@type":"SearchAction","target":{"@type":"EntryPoint","urlTemplate":"https:\/\/www.crl-lhk.eus\/eu\/?s={search_term_string}"},"query-input":{"@type":"PropertyValueSpecification","valueRequired":true,"valueName":"search_term_string"}}],"inLanguage":"eu-ES"},{"@type":"Organization","@id":"https:\/\/www.crl-lhk.eus\/eu\/#organization","name":"CRL-LHK","url":"https:\/\/www.crl-lhk.eus\/eu\/","logo":{"@type":"ImageObject","inLanguage":"eu-ES","@id":"https:\/\/www.crl-lhk.eus\/eu\/#\/schema\/logo\/image\/","url":"https:\/\/www.crl-lhk.eus\/wp-content\/uploads\/2021\/04\/crl_logo.png","contentUrl":"https:\/\/www.crl-lhk.eus\/wp-content\/uploads\/2021\/04\/crl_logo.png","width":314,"height":90,"caption":"CRL-LHK"},"image":{"@id":"https:\/\/www.crl-lhk.eus\/eu\/#\/schema\/logo\/image\/"}}]}},"_links":{"self":[{"href":"https:\/\/www.crl-lhk.eus\/eu\/wp-json\/wp\/v2\/pages\/2192","targetHints":{"allow":["GET"]}}],"collection":[{"href":"https:\/\/www.crl-lhk.eus\/eu\/wp-json\/wp\/v2\/pages"}],"about":[{"href":"https:\/\/www.crl-lhk.eus\/eu\/wp-json\/wp\/v2\/types\/page"}],"author":[{"embeddable":true,"href":"https:\/\/www.crl-lhk.eus\/eu\/wp-json\/wp\/v2\/users\/1"}],"replies":[{"embeddable":true,"href":"https:\/\/www.crl-lhk.eus\/eu\/wp-json\/wp\/v2\/comments?post=2192"}],"version-history":[{"count":12,"href":"https:\/\/www.crl-lhk.eus\/eu\/wp-json\/wp\/v2\/pages\/2192\/revisions"}],"predecessor-version":[{"id":4182,"href":"https:\/\/www.crl-lhk.eus\/eu\/wp-json\/wp\/v2\/pages\/2192\/revisions\/4182"}],"wp:attachment":[{"href":"https:\/\/www.crl-lhk.eus\/eu\/wp-json\/wp\/v2\/media?parent=2192"}],"curies":[{"name":"wp","href":"https:\/\/api.w.org\/{rel}","templated":true}]}}